{"id":10326,"date":"2025-02-04T08:42:37","date_gmt":"2025-02-04T08:42:37","guid":{"rendered":"https:\/\/mediversal.hu\/?page_id=10326"},"modified":"2025-02-11T15:19:54","modified_gmt":"2025-02-11T15:19:54","slug":"idopontfoglalas-traumatologia","status":"publish","type":"page","link":"https:\/\/mediversal.hu\/en\/idopontfoglalas-traumatologia\/","title":{"rendered":"Id\u0151pontfoglal\u00e1s &#8211; Traumatol\u00f3gia"},"content":{"rendered":"<div id=\"fws_69e3a6c36258b\"  data-column-margin=\"default\" data-midnight=\"dark\"  class=\"wpb_row vc_row-fluid vc_row\"  style=\"padding-top: 0px; padding-bottom: 0px; \"><div class=\"row-bg-wrap\" data-bg-animation=\"none\" data-bg-overlay=\"false\"><div class=\"inner-wrap\"><div class=\"row-bg viewport-desktop\"  style=\"\"><\/div><\/div><\/div><div class=\"row_col_wrap_12 col span_12 dark left\">\n\t<div  class=\"vc_col-sm-12 wpb_column column_container vc_column_container col no-extra-padding inherit_tablet inherit_phone\"  data-padding-pos=\"all\" data-has-bg-color=\"false\" data-bg-color=\"\" data-bg-opacity=\"1\" data-animation=\"\" data-delay=\"0\" >\n\t\t<div class=\"vc_column-inner\" >\n\t\t\t<div class=\"wpb_wrapper\">\n\t\t\t\t<div class=\"col span_12 section-title text-align-center extra-padding\"><h2>\n<h1 style=\"font-size: 40px;line-height: 45px\">Id\u0151pontfoglal\u00e1s traumatol\u00f3giai vizsg\u00e1latra<\/h1>\n<\/h2><\/div><div class=\"clear\"><\/div>\n\t\t\t<\/div> \n\t\t<\/div>\n\t<\/div> \n<\/div><\/div>\r\n\t\t<div id=\"fws_69e3a6c3631e5\"  data-column-margin=\"default\" data-midnight=\"dark\"  class=\"wpb_row vc_row-fluid vc_row full-width-content vc_row-o-full-height vc_row-o-columns-top vc_row-o-equal-height vc_row-flex vc_row-o-content-top vision_idopont nectar-overflow-hidden\"  style=\"padding-top: 0px; padding-bottom: 0px; \"><div class=\"row-bg-wrap\" data-bg-animation=\"none\" data-bg-overlay=\"false\"><div class=\"inner-wrap\"><div class=\"row-bg viewport-desktop\"  style=\"\"><\/div><\/div><\/div><div class=\"row_col_wrap_12 col span_12 dark left\">\n\t<div  class=\"vc_col-sm-12 wpb_column column_container vc_column_container col no-extra-padding inherit_tablet inherit_phone\"  data-padding-pos=\"all\" data-has-bg-color=\"false\" data-bg-color=\"\" data-bg-opacity=\"1\" data-animation=\"\" data-delay=\"0\" >\n\t\t<div class=\"vc_column-inner\" >\n\t\t\t<div class=\"wpb_wrapper\">\n\t\t\t\t\n\t<div class=\"wpb_raw_code wpb_raw_js\" >\n\t\t<div class=\"wpb_wrapper\">\n\t\t\t<script src='https:\/\/app.valuebot.io\/asset\/widget2.min.js'><\/script>\n\n<div id='valuebot_chatbot' style='width:100%;height:600px'><\/div>\n\n<script>\n\nvar vb_getParam = function(param) {\n\n    return window.location.search.split('&').reduce((a,b) => a = ((new RegExp(param+\"=\")).test(b)) ? b.split('=').pop() : a, '');\n\n}\n\nvar vb = new Valuebot.Widget({\n\n    target: 'valuebot_chatbot',\n\n    height: '600',\n\n    params: {\n\n            'klinika': 'Traumatol\u00f3gia'\n\n        },\n\n    chatbot: 'https:\/\/app.valuebot.io\/frame\/335a9084-c546-44cd-bc49-594b461b6f0b'\n\n});\n\n<\/script>\n\t\t<\/div>\n\t<\/div>\n\n\t\t\t<\/div> \n\t\t<\/div>\n\t<\/div> \n<\/div><\/div>","protected":false},"excerpt":{"rendered":"Id\u0151pontfoglal\u00e1s traumatol\u00f3giai vizsg\u00e1latra","protected":false},"author":10,"featured_media":0,"parent":0,"menu_order":0,"comment_status":"closed","ping_status":"closed","template":"","meta":{"footnotes":""},"class_list":["post-10326","page","type-page","status-publish"],"yoast_head":"<!-- This site is optimized with the Yoast SEO plugin v26.5 - https:\/\/yoast.com\/wordpress\/plugins\/seo\/ -->\n<title>Id\u0151pontfoglal\u00e1s - Traumatol\u00f3gia - MEDIVERSAL<\/title>\n<meta name=\"robots\" content=\"index, follow, max-snippet:-1, max-image-preview:large, max-video-preview:-1\" \/>\n<link rel=\"canonical\" href=\"https:\/\/mediversal.hu\/en\/idopontfoglalas-traumatologia\/\" \/>\n<meta property=\"og:locale\" content=\"en_US\" \/>\n<meta property=\"og:type\" content=\"article\" \/>\n<meta property=\"og:title\" content=\"Id\u0151pontfoglal\u00e1s - Traumatol\u00f3gia - MEDIVERSAL\" \/>\n<meta property=\"og:url\" content=\"https:\/\/mediversal.hu\/en\/idopontfoglalas-traumatologia\/\" \/>\n<meta property=\"og:site_name\" content=\"MEDIVERSAL\" \/>\n<meta property=\"article:publisher\" content=\"https:\/\/www.facebook.com\/unimedszeged\/\" \/>\n<meta property=\"article:modified_time\" content=\"2025-02-11T15:19:54+00:00\" \/>\n<meta name=\"twitter:card\" content=\"summary_large_image\" \/>\n<meta name=\"twitter:label1\" content=\"Est. reading time\" \/>\n\t<meta name=\"twitter:data1\" content=\"1 minute\" \/>\n<script type=\"application\/ld+json\" class=\"yoast-schema-graph\">{\"@context\":\"https:\/\/schema.org\",\"@graph\":[{\"@type\":\"WebPage\",\"@id\":\"https:\/\/mediversal.hu\/idopontfoglalas-traumatologia\/\",\"url\":\"https:\/\/mediversal.hu\/idopontfoglalas-traumatologia\/\",\"name\":\"Id\u0151pontfoglal\u00e1s - Traumatol\u00f3gia - MEDIVERSAL\",\"isPartOf\":{\"@id\":\"https:\/\/mediversal.hu\/#website\"},\"datePublished\":\"2025-02-04T08:42:37+00:00\",\"dateModified\":\"2025-02-11T15:19:54+00:00\",\"breadcrumb\":{\"@id\":\"https:\/\/mediversal.hu\/idopontfoglalas-traumatologia\/#breadcrumb\"},\"inLanguage\":\"en-US\",\"potentialAction\":[{\"@type\":\"ReadAction\",\"target\":[\"https:\/\/mediversal.hu\/idopontfoglalas-traumatologia\/\"]}]},{\"@type\":\"BreadcrumbList\",\"@id\":\"https:\/\/mediversal.hu\/idopontfoglalas-traumatologia\/#breadcrumb\",\"itemListElement\":[{\"@type\":\"ListItem\",\"position\":1,\"name\":\"Kezd\u0151lap\",\"item\":\"https:\/\/mediversal.hu\/\"},{\"@type\":\"ListItem\",\"position\":2,\"name\":\"Id\u0151pontfoglal\u00e1s &#8211; Traumatol\u00f3gia\"}]},{\"@type\":\"WebSite\",\"@id\":\"https:\/\/mediversal.hu\/#website\",\"url\":\"https:\/\/mediversal.hu\/\",\"name\":\"MEDIVERSAL\",\"description\":\"Gyors \u00e9s \u00e1tfog\u00f3 eg\u00e9szs\u00e9g\u00fcgyi szolg\u00e1ltat\u00e1sok Szegeden\",\"publisher\":{\"@id\":\"https:\/\/mediversal.hu\/#organization\"},\"potentialAction\":[{\"@type\":\"SearchAction\",\"target\":{\"@type\":\"EntryPoint\",\"urlTemplate\":\"https:\/\/mediversal.hu\/?s={search_term_string}\"},\"query-input\":{\"@type\":\"PropertyValueSpecification\",\"valueRequired\":true,\"valueName\":\"search_term_string\"}}],\"inLanguage\":\"en-US\"},{\"@type\":\"Organization\",\"@id\":\"https:\/\/mediversal.hu\/#organization\",\"name\":\"UNI-MED Szeged Kft.\",\"url\":\"https:\/\/mediversal.hu\/\",\"logo\":{\"@type\":\"ImageObject\",\"inLanguage\":\"en-US\",\"@id\":\"https:\/\/mediversal.hu\/#\/schema\/logo\/image\/\",\"url\":\"https:\/\/unimed.penyigeydesign.hu\/wp-content\/uploads\/2022\/04\/unimed_fullcolor_RGB.png\",\"contentUrl\":\"https:\/\/unimed.penyigeydesign.hu\/wp-content\/uploads\/2022\/04\/unimed_fullcolor_RGB.png\",\"width\":3311,\"height\":833,\"caption\":\"UNI-MED Szeged Kft.\"},\"image\":{\"@id\":\"https:\/\/mediversal.hu\/#\/schema\/logo\/image\/\"},\"sameAs\":[\"https:\/\/www.facebook.com\/unimedszeged\/\",\"https:\/\/www.youtube.com\/channel\/UCWep7LhKBxblAg8sIiQxJkw\",\"https:\/\/www.instagram.com\/unimedszeged\/?hl=hu\"]}]}<\/script>\n<!-- \/ Yoast SEO plugin. -->","yoast_head_json":{"title":"Id\u0151pontfoglal\u00e1s - Traumatol\u00f3gia - MEDIVERSAL","robots":{"index":"index","follow":"follow","max-snippet":"max-snippet:-1","max-image-preview":"max-image-preview:large","max-video-preview":"max-video-preview:-1"},"canonical":"https:\/\/mediversal.hu\/en\/idopontfoglalas-traumatologia\/","og_locale":"en_US","og_type":"article","og_title":"Id\u0151pontfoglal\u00e1s - Traumatol\u00f3gia - MEDIVERSAL","og_url":"https:\/\/mediversal.hu\/en\/idopontfoglalas-traumatologia\/","og_site_name":"MEDIVERSAL","article_publisher":"https:\/\/www.facebook.com\/unimedszeged\/","article_modified_time":"2025-02-11T15:19:54+00:00","twitter_card":"summary_large_image","twitter_misc":{"Est. reading time":"1 minute"},"schema":{"@context":"https:\/\/schema.org","@graph":[{"@type":"WebPage","@id":"https:\/\/mediversal.hu\/idopontfoglalas-traumatologia\/","url":"https:\/\/mediversal.hu\/idopontfoglalas-traumatologia\/","name":"Id\u0151pontfoglal\u00e1s - Traumatol\u00f3gia - MEDIVERSAL","isPartOf":{"@id":"https:\/\/mediversal.hu\/#website"},"datePublished":"2025-02-04T08:42:37+00:00","dateModified":"2025-02-11T15:19:54+00:00","breadcrumb":{"@id":"https:\/\/mediversal.hu\/idopontfoglalas-traumatologia\/#breadcrumb"},"inLanguage":"en-US","potentialAction":[{"@type":"ReadAction","target":["https:\/\/mediversal.hu\/idopontfoglalas-traumatologia\/"]}]},{"@type":"BreadcrumbList","@id":"https:\/\/mediversal.hu\/idopontfoglalas-traumatologia\/#breadcrumb","itemListElement":[{"@type":"ListItem","position":1,"name":"Kezd\u0151lap","item":"https:\/\/mediversal.hu\/"},{"@type":"ListItem","position":2,"name":"Id\u0151pontfoglal\u00e1s &#8211; Traumatol\u00f3gia"}]},{"@type":"WebSite","@id":"https:\/\/mediversal.hu\/#website","url":"https:\/\/mediversal.hu\/","name":"MEDIVERSAL","description":"Gyors \u00e9s \u00e1tfog\u00f3 eg\u00e9szs\u00e9g\u00fcgyi szolg\u00e1ltat\u00e1sok Szegeden","publisher":{"@id":"https:\/\/mediversal.hu\/#organization"},"potentialAction":[{"@type":"SearchAction","target":{"@type":"EntryPoint","urlTemplate":"https:\/\/mediversal.hu\/?s={search_term_string}"},"query-input":{"@type":"PropertyValueSpecification","valueRequired":true,"valueName":"search_term_string"}}],"inLanguage":"en-US"},{"@type":"Organization","@id":"https:\/\/mediversal.hu\/#organization","name":"UNI-MED Szeged Kft.","url":"https:\/\/mediversal.hu\/","logo":{"@type":"ImageObject","inLanguage":"en-US","@id":"https:\/\/mediversal.hu\/#\/schema\/logo\/image\/","url":"https:\/\/unimed.penyigeydesign.hu\/wp-content\/uploads\/2022\/04\/unimed_fullcolor_RGB.png","contentUrl":"https:\/\/unimed.penyigeydesign.hu\/wp-content\/uploads\/2022\/04\/unimed_fullcolor_RGB.png","width":3311,"height":833,"caption":"UNI-MED Szeged Kft."},"image":{"@id":"https:\/\/mediversal.hu\/#\/schema\/logo\/image\/"},"sameAs":["https:\/\/www.facebook.com\/unimedszeged\/","https:\/\/www.youtube.com\/channel\/UCWep7LhKBxblAg8sIiQxJkw","https:\/\/www.instagram.com\/unimedszeged\/?hl=hu"]}]}},"_links":{"self":[{"href":"https:\/\/mediversal.hu\/en\/wp-json\/wp\/v2\/pages\/10326","targetHints":{"allow":["GET"]}}],"collection":[{"href":"https:\/\/mediversal.hu\/en\/wp-json\/wp\/v2\/pages"}],"about":[{"href":"https:\/\/mediversal.hu\/en\/wp-json\/wp\/v2\/types\/page"}],"author":[{"embeddable":true,"href":"https:\/\/mediversal.hu\/en\/wp-json\/wp\/v2\/users\/10"}],"replies":[{"embeddable":true,"href":"https:\/\/mediversal.hu\/en\/wp-json\/wp\/v2\/comments?post=10326"}],"version-history":[{"count":5,"href":"https:\/\/mediversal.hu\/en\/wp-json\/wp\/v2\/pages\/10326\/revisions"}],"predecessor-version":[{"id":10954,"href":"https:\/\/mediversal.hu\/en\/wp-json\/wp\/v2\/pages\/10326\/revisions\/10954"}],"wp:attachment":[{"href":"https:\/\/mediversal.hu\/en\/wp-json\/wp\/v2\/media?parent=10326"}],"curies":[{"name":"wp","href":"https:\/\/api.w.org\/{rel}","templated":true}]}}