{"id":6696,"date":"2022-04-21T08:54:22","date_gmt":"2022-04-21T08:54:22","guid":{"rendered":"https:\/\/uni-med.hu\/?page_id=6696"},"modified":"2023-02-01T12:22:10","modified_gmt":"2023-02-01T12:22:10","slug":"labordiagnosztika","status":"publish","type":"page","link":"https:\/\/mediversal.hu\/sr\/labordiagnosztika\/","title":{"rendered":"Laboratorijska dijagnostika"},"content":{"rendered":"<div id=\"fws_69e398765620f\"  data-column-margin=\"default\" data-midnight=\"dark\" data-top-percent=\"3%\" data-bottom-percent=\"6%\"  class=\"wpb_row vc_row-fluid vc_row full-width-content vc_row-o-equal-height vc_row-flex vc_row-o-content-middle  reverse_columns_column_tablet reverse_columns_column_phone right_padding_tablet_8pct left_padding_tablet_8pct\"  style=\"padding-top: calc(100vw * 0.03); padding-bottom: calc(100vw * 0.06); \"><div class=\"row-bg-wrap\" data-bg-animation=\"none\" data-bg-overlay=\"false\"><div class=\"inner-wrap\"><div class=\"row-bg viewport-desktop\"  style=\"\"><\/div><\/div><\/div><div class=\"row_col_wrap_12 col span_12 dark left\">\n\t<div  class=\"vc_col-sm-6 wpb_column column_container vc_column_container col padding-8-percent no-extra-padding_tablet no-extra-padding_phone\"  data-padding-pos=\"all\" data-has-bg-color=\"false\" data-bg-color=\"\" data-bg-opacity=\"1\" data-animation=\"\" data-delay=\"0\" >\n\t\t<div class=\"vc_column-inner\" >\n\t\t\t<div class=\"wpb_wrapper\">\n\t\t\t\t<div id=\"fws_69e39876568fd\" data-midnight=\"\" data-column-margin=\"none\" class=\"wpb_row vc_row-fluid vc_row inner_row  top_padding_tablet_8pct\"  style=\"padding-bottom: 10px; \"><div class=\"row-bg-wrap\"> <div class=\"row-bg\" ><\/div> <\/div><div class=\"row_col_wrap_12_inner col span_12  left\">\n\t<div  class=\"vc_col-sm-12 wpb_column column_container vc_column_container col child_column has-animation no-extra-padding inherit_tablet inherit_phone\"   data-padding-pos=\"all\" data-has-bg-color=\"false\" data-bg-color=\"\" data-bg-opacity=\"1\" data-animation=\"fade-in-from-bottom\" data-delay=\"0\" >\n\t\t<div class=\"vc_column-inner\" >\n\t\t<div class=\"wpb_wrapper\">\n\t\t\t\r\n<div class=\"wpb_text_column wpb_content_element\" >\r\n\t<div class=\"wpb_wrapper\">\r\n\t\t<h5>Laboratorijska dijagnostika<\/h5>\n\t<\/div>\r\n<\/div>\r\n\r\n\r\n\r\n<h2 style=\"text-align: left\" class=\"vc_custom_heading wpb_animate_when_almost_visible wpb_fadeInUp fadeInUp\" >Laborat\u00f3riumi, mikrobiol\u00f3giai vizsg\u00e1latok<\/h2>\n\t\t<\/div> \n\t<\/div>\n\t<\/div> \n<\/div><\/div><div id=\"fws_69e3987657029\" data-midnight=\"\" data-column-margin=\"none\" class=\"wpb_row vc_row-fluid vc_row inner_row  right_padding_tablet_25pct right_padding_phone_0px\"  style=\"\"><div class=\"row-bg-wrap\"> <div class=\"row-bg\" ><\/div> <\/div><div class=\"row_col_wrap_12_inner col span_12  left\">\n\t<div  class=\"vc_col-sm-12 wpb_column column_container vc_column_container col child_column has-animation no-extra-padding el_spacing_0px inherit_tablet inherit_phone\"   data-padding-pos=\"all\" data-has-bg-color=\"false\" data-bg-color=\"\" data-bg-opacity=\"1\" data-animation=\"fade-in-from-bottom\" data-delay=\"0\" >\n\t\t<div class=\"vc_column-inner\" >\n\t\t<div class=\"wpb_wrapper\">\n\t\t\t\r\n<div class=\"wpb_text_column wpb_content_element\" >\r\n\t<div class=\"wpb_wrapper\">\r\n\t\t<p>Az \u00d6n ig\u00e9nyei szerint, vagy szakorvosunk javaslat\u00e1ra,\u00a0r\u00e9szletes k\u00e9miai\u00a0(rutin labor, tumormarkerek, hormonok, v\u00e9ralvad\u00e1si faktorvizsg\u00e1latok, immunol\u00f3giai vizsg\u00e1latok),\u00a0\u00a0v\u00e9rk\u00e9p \u00e9s mikrobiol\u00f3giai\u00a0(bakt\u00e9riumok, parazit\u00e1k, gomb\u00e1k, v\u00edrusok kimutat\u00e1sa)\u00a0vizsg\u00e1latokat v\u00e9gz\u00fcnk, eredm\u00e9nyeit ki\u00e9rt\u00e9kelj\u00fck, javaslatokat tesz\u00fcnk tov\u00e1bbi vizsg\u00e1latok, kezel\u00e9s tekintet\u00e9ben.<\/p>\n\t<\/div>\r\n<\/div>\r\n\r\n\r\n\r\n\n\t\t<\/div> \n\t<\/div>\n\t<\/div> \n<\/div><\/div><div id=\"fws_69e398765748d\" data-midnight=\"\" data-column-margin=\"none\" class=\"wpb_row vc_row-fluid vc_row inner_row  top_padding_tablet_30px\"  style=\"padding-top: 50px; \"><div class=\"row-bg-wrap\"> <div class=\"row-bg\" ><\/div> <\/div><div class=\"row_col_wrap_12_inner col span_12  left\">\n\t<div  class=\"vc_col-sm-12 vc_col-xs-4 wpb_column column_container vc_column_container col child_column no-extra-padding el_spacing_0px inherit_tablet inherit_phone\"    data-t-w-inherits=\"small_desktop\" data-padding-pos=\"all\" data-has-bg-color=\"false\" data-bg-color=\"\" data-bg-opacity=\"1\" data-animation=\"\" data-delay=\"0\" >\n\t\t<div class=\"vc_column-inner\" >\n\t\t<div class=\"wpb_wrapper\">\n\t\t\t\r\n<div class=\"wpb_text_column wpb_content_element\" >\r\n\t<div class=\"wpb_wrapper\">\r\n\t\t<p>Ha k\u00e9r\u00e9se, k\u00e9rd\u00e9se van,\u00a0k\u00e9rj\u00fck l\u00e9pjen kapcsolatba \u00fcgyf\u00e9lszolg\u00e1latunkkal!<\/p>\n\t<\/div>\r\n<\/div>\r\n\r\n\r\n\r\n\n\t\t<\/div> \n\t<\/div>\n\t<\/div> \n<\/div><\/div>\n\t\t\t<\/div> \n\t\t<\/div>\n\t<\/div> \n\n\t<div  class=\"vc_col-sm-6 wpb_column column_container vc_column_container col no-extra-padding el_spacing_0px inherit_tablet inherit_phone\"  data-padding-pos=\"all\" data-has-bg-color=\"false\" data-bg-color=\"\" data-bg-opacity=\"1\" data-animation=\"\" data-delay=\"0\" >\n\t\t<div class=\"vc_column-inner\" >\n\t\t\t<div class=\"wpb_wrapper\">\n\t\t\t\t<div id=\"fws_69e3987657ac3\" data-midnight=\"\" data-column-margin=\"default\" class=\"wpb_row vc_row-fluid vc_row inner_row  left_padding_20pct left_padding_tablet_10pct\"  style=\"\"><div class=\"row-bg-wrap\"> <div class=\"row-bg\" ><\/div> <\/div><div class=\"row_col_wrap_12_inner col span_12  left\">\n\t<div style=\"\" class=\"vc_col-sm-12 wpb_column column_container vc_column_container col child_column no-extra-padding inherit_tablet inherit_phone\"  data-using-bg=\"true\" data-bg-cover=\"true\" data-padding-pos=\"all\" data-has-bg-color=\"false\" data-bg-color=\"\" data-bg-opacity=\"1\" data-animation=\"\" data-delay=\"0\" >\n\t\t<div class=\"vc_column-inner\" ><div class=\"column-image-bg-wrap viewport-desktop\" data-n-parallax-bg=\"true\" data-parallax-speed=\"very_subtle\" data-bg-pos=\"center center\" data-bg-animation=\"none\" data-bg-overlay=\"false\"><div class=\"inner-wrap\"><div class=\"column-image-bg parallax-layer\" style=\" background-image: url('https:\/\/mediversal.hu\/wp-content\/uploads\/2022\/04\/MG_8950.jpg'); \"><\/div><\/div><\/div>\n\t\t<div class=\"wpb_wrapper\">\n\t\t\t<div class=\"divider-wrap height_tablet_70vh height_phone_60vh\" data-alignment=\"default\"><div style=\"height: 90vh;\" class=\"divider\"><\/div><\/div>\n\t\t<\/div> \n\t<\/div>\n\t<\/div> \n<\/div><\/div><div id=\"fws_69e3987658347\" data-midnight=\"\" data-column-margin=\"default\" class=\"wpb_row vc_row-fluid vc_row inner_row  min_width_desktop_40pct row_position_absolute top_position_desktop_50pct left_position_desktop_0px\"  style=\"-webkit-transform:  translateY(-50%); transform:  translateY(-50%); z-index: 50;\"><div class=\"row-bg-wrap\"> <div class=\"row-bg\" ><\/div> <\/div><div class=\"row_col_wrap_12_inner col span_12  left\">\n\t<div style=\"\" class=\"vc_col-sm-12 wpb_column column_container vc_column_container col child_column no-extra-padding inherit_tablet inherit_phone\"  data-using-bg=\"true\" data-shadow=\"x_large_depth\" data-bg-cover=\"true\" data-padding-pos=\"all\" data-has-bg-color=\"false\" data-bg-color=\"\" data-bg-opacity=\"1\" data-animation=\"\" data-delay=\"0\" data-scroll-animation=\"true\" data-scroll-animation-movement=\"default\" data-scroll-animation-mobile=\"true\" data-scroll-animation-intensity=\"2.25\" >\n\t\t<div class=\"vc_column-inner\" ><div class=\"column-image-bg-wrap viewport-desktop\" data-n-parallax-bg=\"true\" data-parallax-speed=\"very_subtle\" data-bg-pos=\"center center\" data-bg-animation=\"none\" data-bg-overlay=\"false\"><div class=\"inner-wrap\"><div class=\"column-image-bg parallax-layer\" style=\" background-image: url('https:\/\/mediversal.hu\/wp-content\/uploads\/2022\/04\/MG_8859.jpg'); \"><\/div><\/div><\/div><div class=\"column-bg-overlay-wrap\" data-bg-animation=\"none\"><div class=\"column-bg-overlay\"><\/div><\/div>\n\t\t<div class=\"wpb_wrapper\">\n\t\t\t<div class=\"divider-wrap height_tablet_40vh height_phone_35vh\" data-alignment=\"default\"><div style=\"height: 50vh;\" class=\"divider\"><\/div><\/div>\n\t\t<\/div> \n\t<\/div>\n\t<\/div> \n<\/div><\/div>\n\t\t\t<\/div> \n\t\t<\/div>\n\t<\/div> \n<\/div><\/div>","protected":false},"excerpt":{"rendered":"Labordiagnosztika Laborat\u00f3riumi, mikrobiol\u00f3giai vizsg\u00e1latok Az \u00d6n ig\u00e9nyei szerint, vagy szakorvosunk javaslat\u00e1ra,\u00a0r\u00e9szletes k\u00e9miai\u00a0(rutin labor, tumormarkerek, hormonok, v\u00e9ralvad\u00e1si faktorvizsg\u00e1latok, immunol\u00f3giai vizsg\u00e1latok),\u00a0\u00a0v\u00e9rk\u00e9p \u00e9s mikrobiol\u00f3giai\u00a0(bakt\u00e9riumok, parazit\u00e1k, gomb\u00e1k, v\u00edrusok kimutat\u00e1sa)\u00a0vizsg\u00e1latokat v\u00e9gz\u00fcnk, eredm\u00e9nyeit ki\u00e9rt\u00e9kelj\u00fck, javaslatokat tesz\u00fcnk...","protected":false},"author":10,"featured_media":0,"parent":0,"menu_order":0,"comment_status":"closed","ping_status":"closed","template":"","meta":{"footnotes":""},"class_list":["post-6696","page","type-page","status-publish"],"yoast_head":"<!-- This site is optimized with the Yoast SEO plugin v26.5 - https:\/\/yoast.com\/wordpress\/plugins\/seo\/ -->\n<title>Labordiagnosztika - MEDIVERSAL<\/title>\n<meta name=\"robots\" content=\"index, follow, max-snippet:-1, max-image-preview:large, max-video-preview:-1\" \/>\n<link rel=\"canonical\" href=\"https:\/\/mediversal.hu\/sr\/labordiagnosztika\/\" \/>\n<meta property=\"og:locale\" content=\"sr_RS\" \/>\n<meta property=\"og:type\" content=\"article\" \/>\n<meta property=\"og:title\" content=\"Labordiagnosztika - MEDIVERSAL\" \/>\n<meta property=\"og:url\" content=\"https:\/\/mediversal.hu\/sr\/labordiagnosztika\/\" \/>\n<meta property=\"og:site_name\" content=\"MEDIVERSAL\" \/>\n<meta property=\"article:publisher\" content=\"https:\/\/www.facebook.com\/unimedszeged\/\" \/>\n<meta property=\"article:modified_time\" content=\"2023-02-01T12:22:10+00:00\" \/>\n<meta name=\"twitter:card\" content=\"summary_large_image\" \/>\n<meta name=\"twitter:label1\" content=\"\u041f\u0440\u043e\u0446\u0435\u045a\u0435\u043d\u043e \u0432\u0440\u0435\u043c\u0435 \u0447\u0438\u0442\u0430\u045a\u0430\" \/>\n\t<meta name=\"twitter:data1\" content=\"2 \u043c\u0438\u043d\u0443\u0442\u0430\" \/>\n<script type=\"application\/ld+json\" class=\"yoast-schema-graph\">{\"@context\":\"https:\/\/schema.org\",\"@graph\":[{\"@type\":\"WebPage\",\"@id\":\"https:\/\/mediversal.hu\/labordiagnosztika\/\",\"url\":\"https:\/\/mediversal.hu\/labordiagnosztika\/\",\"name\":\"Labordiagnosztika - MEDIVERSAL\",\"isPartOf\":{\"@id\":\"https:\/\/mediversal.hu\/#website\"},\"datePublished\":\"2022-04-21T08:54:22+00:00\",\"dateModified\":\"2023-02-01T12:22:10+00:00\",\"breadcrumb\":{\"@id\":\"https:\/\/mediversal.hu\/labordiagnosztika\/#breadcrumb\"},\"inLanguage\":\"sr-RS\",\"potentialAction\":[{\"@type\":\"ReadAction\",\"target\":[\"https:\/\/mediversal.hu\/labordiagnosztika\/\"]}]},{\"@type\":\"BreadcrumbList\",\"@id\":\"https:\/\/mediversal.hu\/labordiagnosztika\/#breadcrumb\",\"itemListElement\":[{\"@type\":\"ListItem\",\"position\":1,\"name\":\"Kezd\u0151lap\",\"item\":\"https:\/\/mediversal.hu\/\"},{\"@type\":\"ListItem\",\"position\":2,\"name\":\"Labordiagnosztika\"}]},{\"@type\":\"WebSite\",\"@id\":\"https:\/\/mediversal.hu\/#website\",\"url\":\"https:\/\/mediversal.hu\/\",\"name\":\"MEDIVERSAL\",\"description\":\"Gyors \u00e9s \u00e1tfog\u00f3 eg\u00e9szs\u00e9g\u00fcgyi szolg\u00e1ltat\u00e1sok Szegeden\",\"publisher\":{\"@id\":\"https:\/\/mediversal.hu\/#organization\"},\"potentialAction\":[{\"@type\":\"SearchAction\",\"target\":{\"@type\":\"EntryPoint\",\"urlTemplate\":\"https:\/\/mediversal.hu\/?s={search_term_string}\"},\"query-input\":{\"@type\":\"PropertyValueSpecification\",\"valueRequired\":true,\"valueName\":\"search_term_string\"}}],\"inLanguage\":\"sr-RS\"},{\"@type\":\"Organization\",\"@id\":\"https:\/\/mediversal.hu\/#organization\",\"name\":\"UNI-MED Szeged Kft.\",\"url\":\"https:\/\/mediversal.hu\/\",\"logo\":{\"@type\":\"ImageObject\",\"inLanguage\":\"sr-RS\",\"@id\":\"https:\/\/mediversal.hu\/#\/schema\/logo\/image\/\",\"url\":\"https:\/\/unimed.penyigeydesign.hu\/wp-content\/uploads\/2022\/04\/unimed_fullcolor_RGB.png\",\"contentUrl\":\"https:\/\/unimed.penyigeydesign.hu\/wp-content\/uploads\/2022\/04\/unimed_fullcolor_RGB.png\",\"width\":3311,\"height\":833,\"caption\":\"UNI-MED Szeged Kft.\"},\"image\":{\"@id\":\"https:\/\/mediversal.hu\/#\/schema\/logo\/image\/\"},\"sameAs\":[\"https:\/\/www.facebook.com\/unimedszeged\/\",\"https:\/\/www.youtube.com\/channel\/UCWep7LhKBxblAg8sIiQxJkw\",\"https:\/\/www.instagram.com\/unimedszeged\/?hl=hu\"]}]}<\/script>\n<!-- \/ Yoast SEO plugin. -->","yoast_head_json":{"title":"Labordiagnosztika - MEDIVERSAL","robots":{"index":"index","follow":"follow","max-snippet":"max-snippet:-1","max-image-preview":"max-image-preview:large","max-video-preview":"max-video-preview:-1"},"canonical":"https:\/\/mediversal.hu\/sr\/labordiagnosztika\/","og_locale":"sr_RS","og_type":"article","og_title":"Labordiagnosztika - MEDIVERSAL","og_url":"https:\/\/mediversal.hu\/sr\/labordiagnosztika\/","og_site_name":"MEDIVERSAL","article_publisher":"https:\/\/www.facebook.com\/unimedszeged\/","article_modified_time":"2023-02-01T12:22:10+00:00","twitter_card":"summary_large_image","twitter_misc":{"\u041f\u0440\u043e\u0446\u0435\u045a\u0435\u043d\u043e \u0432\u0440\u0435\u043c\u0435 \u0447\u0438\u0442\u0430\u045a\u0430":"2 \u043c\u0438\u043d\u0443\u0442\u0430"},"schema":{"@context":"https:\/\/schema.org","@graph":[{"@type":"WebPage","@id":"https:\/\/mediversal.hu\/labordiagnosztika\/","url":"https:\/\/mediversal.hu\/labordiagnosztika\/","name":"Labordiagnosztika - MEDIVERSAL","isPartOf":{"@id":"https:\/\/mediversal.hu\/#website"},"datePublished":"2022-04-21T08:54:22+00:00","dateModified":"2023-02-01T12:22:10+00:00","breadcrumb":{"@id":"https:\/\/mediversal.hu\/labordiagnosztika\/#breadcrumb"},"inLanguage":"sr-RS","potentialAction":[{"@type":"ReadAction","target":["https:\/\/mediversal.hu\/labordiagnosztika\/"]}]},{"@type":"BreadcrumbList","@id":"https:\/\/mediversal.hu\/labordiagnosztika\/#breadcrumb","itemListElement":[{"@type":"ListItem","position":1,"name":"Kezd\u0151lap","item":"https:\/\/mediversal.hu\/"},{"@type":"ListItem","position":2,"name":"Labordiagnosztika"}]},{"@type":"WebSite","@id":"https:\/\/mediversal.hu\/#website","url":"https:\/\/mediversal.hu\/","name":"MEDIVERSAL","description":"Gyors \u00e9s \u00e1tfog\u00f3 eg\u00e9szs\u00e9g\u00fcgyi szolg\u00e1ltat\u00e1sok Szegeden","publisher":{"@id":"https:\/\/mediversal.hu\/#organization"},"potentialAction":[{"@type":"SearchAction","target":{"@type":"EntryPoint","urlTemplate":"https:\/\/mediversal.hu\/?s={search_term_string}"},"query-input":{"@type":"PropertyValueSpecification","valueRequired":true,"valueName":"search_term_string"}}],"inLanguage":"sr-RS"},{"@type":"Organization","@id":"https:\/\/mediversal.hu\/#organization","name":"UNI-MED Szeged Kft.","url":"https:\/\/mediversal.hu\/","logo":{"@type":"ImageObject","inLanguage":"sr-RS","@id":"https:\/\/mediversal.hu\/#\/schema\/logo\/image\/","url":"https:\/\/unimed.penyigeydesign.hu\/wp-content\/uploads\/2022\/04\/unimed_fullcolor_RGB.png","contentUrl":"https:\/\/unimed.penyigeydesign.hu\/wp-content\/uploads\/2022\/04\/unimed_fullcolor_RGB.png","width":3311,"height":833,"caption":"UNI-MED Szeged Kft."},"image":{"@id":"https:\/\/mediversal.hu\/#\/schema\/logo\/image\/"},"sameAs":["https:\/\/www.facebook.com\/unimedszeged\/","https:\/\/www.youtube.com\/channel\/UCWep7LhKBxblAg8sIiQxJkw","https:\/\/www.instagram.com\/unimedszeged\/?hl=hu"]}]}},"_links":{"self":[{"href":"https:\/\/mediversal.hu\/sr\/wp-json\/wp\/v2\/pages\/6696","targetHints":{"allow":["GET"]}}],"collection":[{"href":"https:\/\/mediversal.hu\/sr\/wp-json\/wp\/v2\/pages"}],"about":[{"href":"https:\/\/mediversal.hu\/sr\/wp-json\/wp\/v2\/types\/page"}],"author":[{"embeddable":true,"href":"https:\/\/mediversal.hu\/sr\/wp-json\/wp\/v2\/users\/10"}],"replies":[{"embeddable":true,"href":"https:\/\/mediversal.hu\/sr\/wp-json\/wp\/v2\/comments?post=6696"}],"version-history":[{"count":12,"href":"https:\/\/mediversal.hu\/sr\/wp-json\/wp\/v2\/pages\/6696\/revisions"}],"predecessor-version":[{"id":8312,"href":"https:\/\/mediversal.hu\/sr\/wp-json\/wp\/v2\/pages\/6696\/revisions\/8312"}],"wp:attachment":[{"href":"https:\/\/mediversal.hu\/sr\/wp-json\/wp\/v2\/media?parent=6696"}],"curies":[{"name":"wp","href":"https:\/\/api.w.org\/{rel}","templated":true}]}}